{"id":10894,"date":"2023-04-19T13:11:36","date_gmt":"2023-04-19T10:11:36","guid":{"rendered":"https:\/\/www.rchumanities.gr\/?page_id=10894"},"modified":"2023-04-19T13:12:23","modified_gmt":"2023-04-19T10:12:23","slug":"dimitris-angelis-dimakis","status":"publish","type":"page","link":"https:\/\/www.rchumanities.gr\/en\/fellows-2023\/dimitris-angelis-dimakis\/","title":{"rendered":"Dimitris Angelis-Dimakis"},"content":{"rendered":"<h2 style=\"text-align: left;\">PhD in Contemporary History, Autonomous University of Madrid, Postdoctoral Researcher.<\/h2>\n<h4 style=\"text-align: left;\"><strong>Title of research proposal: \u201cFrom central planning to local implementation: Aspects of the land reform in Macedonia during the interwar period\u201d<\/strong><\/h4>\n<p style=\"text-align: justify;\"><div class=\"su-tabs su-tabs-style-horizontal su-tabs-mobile-stack\" data-active=\"1\" data-scroll-offset=\"0\" data-anchor-in-url=\"no\"><div class=\"su-tabs-nav\"><span class=\"\" data-url=\"\" data-target=\"blank\" tabindex=\"0\" role=\"button\">Bio<\/span><span class=\"\" data-url=\"\" data-target=\"blank\" tabindex=\"0\" role=\"button\">Publications<\/span><\/div><div class=\"su-tabs-panes\"><div class=\"su-tabs-pane su-u-clearfix su-u-trim\" data-title=\"Bio\">\n<p><img loading=\"lazy\" decoding=\"async\" class=\"size-medium wp-image-10755 alignleft\" src=\"https:\/\/www.rchumanities.gr\/wp-content\/uploads\/2023\/04\/Angelis-Dimakis-200x300.jpg\" alt=\"\" width=\"200\" height=\"300\" srcset=\"https:\/\/www.rchumanities.gr\/wp-content\/uploads\/2023\/04\/Angelis-Dimakis-200x300.jpg 200w, https:\/\/www.rchumanities.gr\/wp-content\/uploads\/2023\/04\/Angelis-Dimakis.jpg 496w\" sizes=\"auto, (max-width: 200px) 100vw, 200px\" \/><\/p>\n<p style=\"text-align: justify;\"><strong>Dimitris Angelis-Dimakis<\/strong><strong> (1985). <\/strong>First degree in History and Master in European History with overall grade Excellent (National and Kapodistrian University of Athens). Ph.D. (on a four year scholarship) in Contemporary History (Department of Contemporary History, Autonomous University of Madrid, supervisor Prof. Juan Pan-Montojo) with overall evaluation Excellent, with Honours (Sobresaliente, Cum Laude). The title of his PhD thesis is <em>\u201c<strong>Rural Worlds in movement. A comparative analysis of the agrarian associations in Spain and Greece, 1881-1936<\/strong><\/em><em>\u201d<\/em>. His main research interests include the comparative view of the agrarian structures of the Mediterranean countries during the first third of the twentieth century and the role of the agrarian associations as levers of pressure, exponents of agrarian protest and vehicles of the technical modernisation of the countryside. He has published several articles in academic journals and Conference Proceedings centering on the impact of the agrarian associations on the rural society and economy in Greece and Spain. He has experience in archival research focusing on the land reform and the associative policy, the operation of agrarian organisations, the evolution of the peasant mobilisation and the role of agronomists in Spain and Greece. Member of the Group of Rural History of the Greek Economic History Association and founding member of the Hellenic Society of Environmental History. Currently he is Fellow at the Research Centre for the Humanities and adjunct lecturer at the Hellenic Open University. He speaks Greek, Spanish, English and French.<\/p>\n<p style=\"text-align: justify;\"><\/div>\n<div class=\"su-tabs-pane su-u-clearfix su-u-trim\" data-title=\"Publications\">\n<p style=\"text-align: justify;\"><strong>Peer-reviewed Publications in International Journals<\/strong><\/p>\n<ul style=\"text-align: justify;\">\n<li><strong>Angelis-Dimakis, D. <\/strong>Land tenure structures and social protest in the Greek countryside during the first third of the 20th century, <em>Balkanistic Forum<\/em>, 20 (1), 2020, pp. 15-27.<\/li>\n<li><strong>Angelis-<\/strong><strong>Dimakis, D. <\/strong>Asociacionismo agrario, movilizaci\u00f3n campesina y polarizaci\u00f3n social en Espa\u00f1a y Grecia durante los primeros a\u00f1os de la d\u00e9cada de los treinta, <em>Tribunal Abierta de Estudios Hispanohelenos<\/em>, 2, 2020, pp. 163-173.<\/li>\n<li><strong>Angelis-Dimakis, D. &amp; Douros, D. <\/strong>From nature to land: Economic and agrarian policies in Greece under Metaxas regime (1936-1941), <em>Perspectivas &#8211; Journal of Political Science<\/em>, Vol. 25, Special Issue: <em>Environmental Histories of Mediterranean Fascisms<\/em>, December 2021, pp. 57-70.<\/li>\n<li><strong>Angelis-Dimakis, D. <\/strong>La v\u00eda \u201cruralista\u201d del r\u00e9gimen del 4 de agosto: pol\u00edtica asociativa y aspectos de la pol\u00edtica agraria de la dictadura de Metaxas (1936-1941), <em>Historia Social<\/em>, 102, 2022, pp. 105-124.<\/li>\n<\/ul>\n<p style=\"text-align: justify;\"><strong>Peer-reviewed Book Chapters<\/strong><\/p>\n<ul style=\"text-align: justify;\">\n<li><strong>Angelis-Dimakis, D. <\/strong>Autoritarismo y ruralismo en Grecia durante el periodo de entreguerras, in G. de Lima Grecco y O. Caldeira Neto (eds.):<em> Autoritarismo em foco: pol\u00edtica, cultura, e controle social<\/em>, Rio de Janeiro: Editora Universidade de Pernambuco y Universidad Aut\u00f3noma de Madrid Ediciones, 2019, pp. 231-250.<\/li>\n<li><strong>Angelis-Dimakis, D. <\/strong>State and co-operatives in Greece, 1900-1936, in J. Planas, A. Schuurman and Y. Segers (eds.): <em>State, Civil Society and the Farm. Organizing<\/em> <em>Agriculture<\/em> <em>in<\/em> <em>Europe<\/em><em>, 1870-1940<\/em>, Brepols: Turnhout, 2023 (<em>\u03c5\u03c0\u03cc \u03ad\u03ba\u03b4\u03bf\u03c3\u03b7<\/em>)<\/li>\n<\/ul>\n<p style=\"text-align: justify;\"><strong>Peer-reviewed Edited Volumes<\/strong><\/p>\n<ul style=\"text-align: justify;\">\n<li><strong>Angelis-Dimakis, D. <\/strong>The violence as a means of the Spanish anarchists\u2019 political action during the first third of the 20<sup>th<\/sup> century. The case of the Spanish countryside, in A. Ampoutis <em>et al<\/em>. (eds.): <em>Violence and Politics<\/em><em>: <\/em><em>Ideologies, Identities, Representations<\/em>, Cambridge: Cambridge Scholars Publishing, 2018, pp. 334-344.<\/li>\n<li><strong>\u0391\u03b3\u03b3\u03b5\u03bb\u03ae\u03c2-\u0394\u03b7\u03bc\u03ac\u03ba\u03b7\u03c2, \u0394. <\/strong>\u039f\u03b9 \u03b1\u03b3\u03c1\u03bf\u03c4\u03b9\u03ba\u03bf\u03af \u03c3\u03c5\u03bd\u03b5\u03c4\u03b1\u03b9\u03c1\u03b9\u03c3\u03bc\u03bf\u03af \u03c9\u03c2 \u03bf\u03c7\u03ae\u03bc\u03b1\u03c4\u03b1 \u03b3\u03b9\u03b1 \u03c4\u03b7 \u03bc\u03b5\u03c4\u03b1\u03c1\u03c1\u03cd\u03b8\u03bc\u03b9\u03c3\u03b7 \u03c4\u03bf\u03c5 \u03b3\u03b1\u03b9\u03bf\u03ba\u03c4\u03b7\u03c4\u03b9\u03ba\u03bf\u03cd \u03ba\u03b1\u03b8\u03b5\u03c3\u03c4\u03ce\u03c4\u03bf\u03c2: \u03a3\u03c5\u03bd\u03ad\u03c7\u03b5\u03b9\u03b5\u03c2 \u03ba\u03b1\u03b9 \u03b1\u03c3\u03c5\u03bd\u03ad\u03c7\u03b5\u03b9\u03b5\u03c2 \u03ba\u03b1\u03c4\u03ac \u03c4\u03b7\u03bd \u03c0\u03b5\u03c1\u03af\u03bf\u03b4\u03bf 1917-1923 \u03c3\u03c4\u03bf I. \u039a\u03b1\u03bd\u03b4\u03ae\u03bb\u03b1, \u03a6. \u039b\u03ad\u03ba\u03ba\u03b1, \u0391. \u039c\u03b1\u03c4\u03bf\u03c2, \u0393. \u039a\u03bf\u03bd\u03c4\u03bf\u03bc\u03ae\u03c4\u03c1\u03bf\u03c2 (\u03b5\u03c0\u03b9\u03bc.):<em> \u0397 \u0398\u03b5\u03c3\u03c3\u03b1\u03bb\u03af\u03b1 \u03c4\u03bf\u03c5 1917<\/em>, \u03a0\u03b5\u03c1\u03b9\u03c6\u03ad\u03c1\u03b5\u03b9\u03b1 \u0398\u03b5\u03c3\u03c3\u03b1\u03bb\u03af\u03b1\u03c2, 2019, \u03c3\u03b5\u03bb. 290-303.<\/li>\n<\/ul>\n<p style=\"text-align: justify;\"><strong>Peer-reviewed Publications in International Conferences&#8217; Proceedings<\/strong><\/p>\n<ul style=\"text-align: justify;\">\n<li><strong>Angelis-Dimakis, D. <\/strong>Discurso pol\u00edtico rural, formas de organizaci\u00f3n y capacidad de penetraci\u00f3n del Partido Comunista Griego en el mundo rural desde 1918 hasta 1929<em>, <\/em>en J.A Caballero Mach\u00ed, R. M\u00ednguez Blasco y V. Rodr\u00edguez-Flores Parra (eds.): <em>Culturas pol\u00edticas en la contemporaneidad. Discursos y pr\u00e1cticas pol\u00edticas desde los m\u00e1rgenes a las \u00e9lites<\/em>, Valencia: Universitat de Valencia, Asociaci\u00f3n de Historia Contempor\u00e1nea, 2015, pp. 119-123.<\/li>\n<li><strong>Angelis-Dimakis, D. <\/strong>Politizaci\u00f3n en el mundo rural y una incompleta reforma agraria, en P. Folguera<em>et al <\/em>(eds.): <em>Pensar con la historia desde el siglo XXI: actas del XII Congreso de la Asociaci\u00f3n de Historia Contempor\u00e1nea<\/em>, Madrid: UAM Ediciones, Asociaci\u00f3n de Historia Contempor\u00e1nea, 2015, pp. 4325-4341.<\/li>\n<li><strong>Angelis-Dimakis, D. <\/strong>Strikes and Social Conflicts in the Greek Countryside from 1922 to 1935, in M. Mar\u00edn Corbera, X. Dom\u00e8nech Sampere, R. Mart\u00ednezi Muntada (eds.): <em>III International Conference Strikes and Social Conflicts: Combined historical approaches to conflict. <\/em><em>Proceedings<\/em>, Barcelona: CEFID-UAB, 2016, pp. 445-458.<\/li>\n<li><strong>Angelis-Dimakis, D. <\/strong>Conflictividad agraria, acci\u00f3n violenta y protesta campesina en Grecia entre 1919 y 1939, en A. Castillo Ca\u00f1iz, D. Alegre Lorenz y M. Alonso Ibarra (eds.): <em>Mirar el pasado en tiempos de crisis. Historia social, conflicto y cultura de masas<\/em>, Barcelona: Universitat Aut\u00f3noma de Barcelona, Departament d\u00b4 Hist\u00f3ria Moderna i Contempor\u00e1nia, Asociaci\u00f3n de Historia Contempor\u00e1nea, 2017, pp. 213-225.<\/li>\n<li><strong>Angelis-Dimakis, D<\/strong>. Conflictividad agraria, acci\u00f3n colectiva y formas de protesta en Espa\u00f1a y Grecia durante el primer tercio del siglo XX, C\u00f3rdoba: Universidad de C\u00f3rdoba, Asociaci\u00f3n de Historia Contempor\u00e1nea, 2023 (<em>\u03c5\u03c0\u03cc<\/em> <em>\u03b4\u03b7\u03bc\u03bf\u03c3\u03af\u03b5\u03c5\u03c3\u03b7<\/em>)<\/li>\n<\/ul>\n<p style=\"text-align: justify;\"><strong>Book Reviews<\/strong><\/p>\n<ul style=\"text-align: justify;\">\n<li><strong>\u039c\u03c0\u03b5\u03bd\u03ad\u03ba\u03b7 \u0395\u03bb\u03ad\u03bd\u03b7 <\/strong>(\u03b5\u03c0\u03b9\u03c3\u03c4\u03b7\u03bc\u03bf\u03bd\u03b9\u03ba\u03ae \u03b5\u03c0\u03b9\u03bc\u03ad\u03bb\u03b5\u03b9\u03b1) \u03a3\u03c5\u03bb\u03bb\u03bf\u03b3\u03b9\u03ba\u03cc\u03c2 \u03a4\u03cc\u03bc\u03bf\u03c2 <em>\u039f \u03b1\u03b3\u03c1\u03bf\u03c4\u03b9\u03ba\u03cc\u03c2 \u03c4\u03bf\u03bc\u03ad\u03b1\u03c2 \u03c3\u03c4\u03b7\u03bd \u0395\u03bb\u03bb\u03ac\u03b4\u03b1. 200 \u03c7\u03c1\u03cc\u03bd\u03b9\u03b1 \u03b9\u03c3\u03c4\u03bf\u03c1\u03af\u03b1\u03c2. \u03a0\u03c1\u03bf\u03ba\u03bb\u03ae\u03c3\u03b5\u03b9\u03c2 \u03ba\u03b1\u03b9 \u03c0\u03c1\u03bf\u03bf\u03c0\u03c4\u03b9\u03ba\u03ad\u03c2<\/em>, \u03a4\u03c1\u03ac\u03c0\u03b5\u03b6\u03b1 \u03a0\u03b5\u03b9\u03c1\u03b1\u03b9\u03ce\u03c2, \u0391\u03b8\u03ae\u03bd\u03b1 2021, <em>\u039c\u03bd\u03ae\u03bc\u03c9\u03bd<\/em>, 38, 2021, \u03c3\u03b5\u03bb. 292-300.<\/li>\n<li><strong>\u0393\u03b1\u03b3\u03b1\u03bd\u03ac\u03ba\u03b7\u03c2, \u039a. \u0393\u03b9\u03b1\u03bd\u03c4\u03c3\u03ae-\u039c\u03b5\u03bb\u03b5\u03c4\u03b9\u03ac\u03b4\u03b7, \u039d., \u039d\u03c4\u03bf\u03cd\u03c1\u03bf\u03c5-\u0397\u03bb\u03b9\u03bf\u03c0\u03bf\u03cd\u03bb\u03bf\u03c5, \u039c., \u03a0\u03b1\u03c0\u03b1\u03b8\u03b1\u03bd\u03b1\u03c3\u03af\u03bf\u03c5, \u039c. \u03ba\u03b1\u03b9 \u03a1\u03ac\u03c0\u03c4\u03b7\u03c2 , \u039a.<\/strong> (\u03b5\u03c0\u03b9\u03c3\u03c4\u03b7\u03bc\u03bf\u03bd\u03b9\u03ba\u03ae \u03b5\u03c0\u03b9\u03bc\u03ad\u03bb\u03b5\u03b9\u03b1). <em>\u0395\u03c5\u03c1\u03c9\u03c0\u03b1\u03ca\u03ba\u03ad\u03c2 \u03c0\u03cc\u03bb\u03b5\u03b9\u03c2 \u03c3\u03b5 \u03ba\u03c1\u03af\u03c3\u03b7. \u0391\u03c0\u03cc \u03c4\u03bf\u03bd \u039c\u03b5\u03c3\u03b1\u03af\u03c9\u03bd\u03b1 \u03bc\u03ad\u03c7\u03c1\u03b9 \u03c3\u03ae\u03bc\u03b5\u03c1\u03b1, <\/em>\u03a4\u03bc\u03ae\u03bc\u03b1 \u0399\u03c3\u03c4\u03bf\u03c1\u03af\u03b1\u03c2 \u03ba\u03b1\u03b9 \u0391\u03c1\u03c7\u03b1\u03b9\u03bf\u03bb\u03bf\u03b3\u03af\u03b1\u03c2 \u0395\u039a\u03a0\u0391, \u0395\u03ba\u03b4\u03cc\u03c3\u03b5\u03b9\u03c2 \u0397\u03c1\u03cc\u03b4\u03bf\u03c4\u03bf\u03c2, \u0391\u03b8\u03ae\u03bd\u03b1 2022, <em>\u0391\u03bd\u03b1\u03b3\u03bd\u03ce\u03c3\u03b5\u03b9\u03c2, <\/em>\u039a\u03c5\u03c1\u03b9\u03b1\u03ba\u03ac\u03c4\u03b9\u03ba\u03b7 \u0391\u03c5\u03b3\u03ae, \u0391\u03c0\u03c1\u03af\u03bb\u03b9\u03bf\u03c2 2022<\/li>\n<\/ul>\n<p style=\"text-align: justify;\"><strong>Book<\/strong><\/p>\n<ul style=\"text-align: justify;\">\n<li><strong>\u0391\u03b3\u03b3\u03b5\u03bb\u03ae\u03c2-\u0394\u03b7\u03bc\u03ac\u03ba\u03b7\u03c2, \u0394. <\/strong><em>\u0391\u03b3\u03c1\u03bf\u03c4\u03b9\u03ba\u03ad\u03c2 \u03ba\u03bf\u03b9\u03bd\u03c9\u03bd\u03af\u03b5\u03c2 \u03c3\u03b5 \u03ba\u03af\u03bd\u03b7\u03c3\u03b7. \u0397 \u03b5\u03be\u03ad\u03bb\u03b9\u03be\u03b7 \u03c4\u03c9\u03bd \u03b1\u03b3\u03c1\u03bf\u03c4\u03b9\u03ba\u03ce\u03bd \u03bf\u03c1\u03b3\u03b1\u03bd\u03ce\u03c3\u03b5\u03c9\u03bd \u03c3\u03c4\u03b7\u03bd \u0395\u03bb\u03bb\u03ac\u03b4\u03b1, 1881-1936<\/em><em>, <\/em>\u0391\u03b8\u03ae\u03bd\u03b1: \u0397\u03c1\u03cc\u03b4\u03bf\u03c4\u03bf\u03c2 (<em>\u03c5\u03c0\u03cc \u03ad\u03ba\u03b4\u03bf\u03c3\u03b7, \u03a3\u03b5\u03c0\u03c4\u03ad\u03bc\u03b2\u03c1\u03b9\u03bf\u03c2 2023)<\/em>.<\/li>\n<\/ul>\n<p style=\"text-align: justify;\"><\/div><\/div><\/div>\n","protected":false},"excerpt":{"rendered":"<p>PhD in Contemporary History, Autonomous University of Madrid, Postdoctoral Researcher. Title of research proposal: \u201cFrom central planning to local implementation: Aspects of the land reform in Macedonia during the interwar period\u201d<\/p>\n","protected":false},"author":5,"featured_media":0,"parent":10406,"menu_order":0,"comment_status":"closed","ping_status":"closed","template":"","meta":{"_acf_changed":false,"footnotes":""},"class_list":["post-10894","page","type-page","status-publish","hentry"],"acf":[],"_links":{"self":[{"href":"https:\/\/www.rchumanities.gr\/en\/wp-json\/wp\/v2\/pages\/10894","targetHints":{"allow":["GET"]}}],"collection":[{"href":"https:\/\/www.rchumanities.gr\/en\/wp-json\/wp\/v2\/pages"}],"about":[{"href":"https:\/\/www.rchumanities.gr\/en\/wp-json\/wp\/v2\/types\/page"}],"author":[{"embeddable":true,"href":"https:\/\/www.rchumanities.gr\/en\/wp-json\/wp\/v2\/users\/5"}],"replies":[{"embeddable":true,"href":"https:\/\/www.rchumanities.gr\/en\/wp-json\/wp\/v2\/comments?post=10894"}],"version-history":[{"count":2,"href":"https:\/\/www.rchumanities.gr\/en\/wp-json\/wp\/v2\/pages\/10894\/revisions"}],"predecessor-version":[{"id":10897,"href":"https:\/\/www.rchumanities.gr\/en\/wp-json\/wp\/v2\/pages\/10894\/revisions\/10897"}],"up":[{"embeddable":true,"href":"https:\/\/www.rchumanities.gr\/en\/wp-json\/wp\/v2\/pages\/10406"}],"wp:attachment":[{"href":"https:\/\/www.rchumanities.gr\/en\/wp-json\/wp\/v2\/media?parent=10894"}],"curies":[{"name":"wp","href":"https:\/\/api.w.org\/{rel}","templated":true}]}}