{"id":10907,"date":"2023-04-19T13:20:25","date_gmt":"2023-04-19T10:20:25","guid":{"rendered":"https:\/\/www.rchumanities.gr\/?page_id=10907"},"modified":"2023-04-19T13:20:25","modified_gmt":"2023-04-19T10:20:25","slug":"constantin-irodotou","status":"publish","type":"page","link":"https:\/\/www.rchumanities.gr\/en\/fellows-2023\/constantin-irodotou\/","title":{"rendered":"Constantin Irodotou"},"content":{"rendered":"<div class=\"su-tabs su-tabs-style-horizontal su-tabs-mobile-stack\" data-active=\"1\" data-scroll-offset=\"0\" data-anchor-in-url=\"no\"><div class=\"su-tabs-nav\"><span class=\"\" data-url=\"\" data-target=\"blank\" tabindex=\"0\" role=\"button\">Bio<\/span><span class=\"\" data-url=\"\" data-target=\"blank\" tabindex=\"0\" role=\"button\">Publications<\/span><\/div><div class=\"su-tabs-panes\"><div class=\"su-tabs-pane su-u-clearfix su-u-trim\" data-title=\"Bio\">\n<p><img loading=\"lazy\" decoding=\"async\" class=\"size-medium wp-image-10771 alignleft\" src=\"https:\/\/www.rchumanities.gr\/wp-content\/uploads\/2023\/04\/blod6074-irodotou-300x300.jpg\" alt=\"\" width=\"300\" height=\"300\" srcset=\"https:\/\/www.rchumanities.gr\/wp-content\/uploads\/2023\/04\/blod6074-irodotou-300x300.jpg 300w, https:\/\/www.rchumanities.gr\/wp-content\/uploads\/2023\/04\/blod6074-irodotou-150x150.jpg 150w, https:\/\/www.rchumanities.gr\/wp-content\/uploads\/2023\/04\/blod6074-irodotou.jpg 400w\" sizes=\"auto, (max-width: 300px) 100vw, 300px\" \/><\/p>\n<p><strong>Constantin Irodotou<\/strong> is an appointed lecturer in the Department of Philosophy, University of Athens. He holds a PhD in Philosophy from the University of Paris VIII. His research basically concerns European and Modern Greek Enlightenment, following an interdisciplinary approach which lies at the crossroads of History, Philosophy and Psychoanalysis.<\/p>\n<p>&nbsp;<\/p>\n<p>&nbsp;<\/p>\n<p>&nbsp;<\/p>\n<p>&nbsp;<\/p>\n<p>&nbsp;<\/p>\n<p>&nbsp;<\/p>\n<\/div>\n<div class=\"su-tabs-pane su-u-clearfix su-u-trim\" data-title=\"Publications\">\n<p><b>Books<\/b><\/p>\n<ul>\n<li>Adamantios Korais, <em>\u0393\u03b9\u03b1 \u03c4\u03b9\u03c2 \u03ba\u03bb\u03b7\u03c1\u03bf\u03bd\u03bf\u03bc\u03b9\u03ba\u03ad\u03c2 \u03b1\u03c3\u03b8\u03ad\u03bd\u03b5\u03b9\u03b5\u03c2: \u03cd\u03c0\u03b1\u03c1\u03be\u03b7, \u03c6\u03cd\u03c3\u03b7, \u03c0\u03c1\u03cc\u03bb\u03b7\u03c8\u03b7, \u03b8\u03b5\u03c1\u03b1\u03c0\u03b5\u03af\u03b1 <\/em>[<a href=\"http:\/\/www.latsis-foundation.org\/content\/actions\/action_283\/inline\/ell\/actionInline_283_554c9d037a015.pdf\"><em>De Morborum Haereditariorum<\/em><\/a> <a href=\"http:\/\/www.latsis-foundation.org\/content\/actions\/action_283\/inline\/ell\/actionInline_283_554c9d037a015.pdf\"><em>Existentia, Natura, Prophylaxi et Cura<\/em><\/a>], Constantin Irodotou (ed.), Hellenic Open University Press, Athens 2019 (151 p.)<span style=\"text-decoration: underline;\">References (in English)<br \/>\n<\/span>Paschalis M. Kitromilides, \u201cConcluding reflections\u201d, <em>History of European Ideas<\/em>, 48\/8, 2022, \u03c3. 1091.<\/li>\n<li>Constantin Irodotou, <em>Des utopies sadiennes<\/em>, L\u2019Harmattan, Paris 2015 (133 )<span style=\"text-decoration: underline;\">Book Review (in French)<\/span><br \/>\nGeorges Faraklas, \u201cConstantin Irodotou, Des utopies sadiennes\u201d, <em>Historein<\/em>, 15\/2, 2015, p. 99-102.<\/li>\n<\/ul>\n<p><strong>Edited Books<\/strong><\/p>\n<ul>\n<li><strong>\u00a0<\/strong>Vana Nikolaidou-Kyrianidou, Constantin Irodotou (eds), <em>\u039f\u03b9<\/em> <em>\u0395\u03b2\u03c1\u03b1\u03af\u03bf\u03b9<\/em> <em>\u03c3\u03c4\u03bf\u03bd<\/em> <em>\u03ba\u03cc\u03c3\u03bc\u03bf<\/em> <em>\u03c4\u03bf\u03c5<\/em> <em>\u039d\u03b5\u03bf\u03b5\u03bb\u03bb\u03b7\u03bd\u03b9\u03ba\u03bf\u03cd<\/em> <em>\u0394\u03b9\u03b1\u03c6\u03c9\u03c4\u03b9\u03c3\u03bc\u03bf\u03cd<\/em> <em>\u03ba\u03b1\u03b9<\/em> <em>\u03c4\u03b7\u03c2<\/em> <em>\u0395\u03c0\u03b1\u03bd\u03ac\u03c3\u03c4\u03b1\u03c3\u03b7\u03c2<\/em> <em>\u03c4\u03bf\u03c5<\/em><em> 1821<\/em>\u00a0 [Jews in the Era of Modern Greek Enlightenment and the 1821 Revolution], Kapon, Athens 2022 (256 p.)<\/li>\n<li>Constantin Irodotou, <em>M\u00e9langes offerts \u00e0 Ren\u00e9 Sch\u00e9rer <\/em>[Giorgio Agamben, Alain \u00a0Badiou, Jean-Luc Nancy, Jacques Ranci\u00e8re <em>et <\/em>], L\u2019Harmattan, Paris 2015 (371 p.)<span style=\"text-decoration: underline;\">Book Reviews \/ References<\/span><br \/>\n&#8211; Florent Perrier, \u201c<em>Papier, dorure, images, caract\u00e8re<\/em>, Les livres d\u2019images dans l\u2019\u0153uvre de Charles Fourier\u201d, Nathalie Bramand (ed.), <em>Biblioth\u00e8ques en utopie, Les socialistes et la lecture au XIX<sup>e<\/sup> si\u00e8cle<\/em>, Presses de l&#8217;Enssib,\u00a0Villeurbanne\u00a02020, p. 25, note 15.<br \/>\n&#8211; Catherine Eve Groleau, <em>Hostile hospitalit\u00e9<\/em>, <em>Le <\/em>topos<em> de la rencontre en autochtonie am\u00e9ricaine<\/em>, PhD Dissertation, University of Montr\u00e9al, Montr\u00e9al 2018, p. 115, note 110.<br \/>\n&#8211; Viviane Horta, \u201c\u00catre juste avec l\u2019affect, Le paradoxe de l\u2019inenseignable\u201d, <em>De l\u2019art d\u2019enseigner: Essais sur le travail de Pl\u00ednio Prado<\/em>, Thierry Briault, Viviane Horta, Anne Spilak (eds), \u00c9dilivre, Saint-Denis 2018, p. 126, note 38.<br \/>\n&#8211; Ewelina Chwiejda, \u201cWrogo\u015bcinno\u015b\u0107 Europy i wyzwanie go\u015bcinno\u015bci wed\u0142ug Jacques\u2019a Derridy\u201d, Agata Bielik-Robson, Piotr Sadzik (eds), Instytut Bada\u0144 Literackich, Warsaw 2018, p. 132, note 12.<br \/>\n&#8211; G\u00e9rard Roche, \u201cConstantin Irodotou, dir., <em>M\u00e9langes offerts \u00e0 Ren\u00e9 Sch\u00e9rer<\/em>, L\u2019Harmattan, Paris 2015\u201d, <em>Cahiers Charles Fourier<\/em>, 27, 2016, p. 151-154.<\/li>\n<\/ul>\n<ul>\n<li>Ren\u00e9 Sch\u00e9rer et Constantin Irodotou, Charles Fourier, <em>Le R\u00e9veil d\u2019\u00c9pim\u00e9nide <\/em>(<em>editio princips<\/em>), Fontfroide, Fata Morgana, \u03a6\u03b5\u03b2\u03c1\u03bf\u03c5\u03ac\u03c1\u03b9\u03bf\u03c2 2014 (125 ).<span style=\"text-decoration: underline;\">Book Reviews \/ References<\/span><br \/>\n&#8211; Thomas Bouchet, \u201cCharles Fourier, <em>Le R\u00e9veil d\u2019\u00c9pim\u00e9nide<\/em>\u201d, <em>Ici et ailleurs<\/em>, May 21st, 2014; <em>id<\/em>, <em>Aletheia<\/em>, Antigone Avierinou, vol. 8, 2015, p. 254-258.<br \/>\n&#8211; Chantal Guet-Guillaume, \u201cCharles Fourier, <em>Le R\u00e9veil d\u2019\u00c9pim\u00e9nide<\/em>\u201d, pr\u00e9c\u00e9d\u00e9 de \u201cL\u2019inconvenance reconvertie\u201c par Ren\u00e9 Sch\u00e9rer et \u201cLe visionnaire et son \u00e9nigme\u201d par Constantin Irodotou, Fontrfroide, Fata Morgana, <em>Cahier Charles Fourier<\/em>, n<sup>o<\/sup> 25, December 2014, 124-125.<br \/>\n&#8211; Alexandre Costanzo, \u201cLa possibilit\u00e9 d\u2019autres mondes\u201d, <em>Critique<\/em>, issue. 812-813, 2015, 39-46.<br \/>\n&#8211; Marianne Dautrey, \u201cActualit\u00e9s des utopistes\u201d, <em>Le Monde<\/em>, March 12th,<\/li>\n<\/ul>\n<p>&nbsp;<\/p>\n<p><strong>Journal Articles &#8211; Book Chapters (selected):<\/strong><\/p>\n<ul>\n<li><strong>\u00a0<\/strong>Constantin Irodotou, \u201cLe jardin secret de Fourier\u201d, Elena Th\u00e9odoropoulou (dir.), <em>Actes de la 1\u00e8re Pr\u00e9-Biennale Internationale de Philosophie Pratique en ligne<\/em>, \u201cPhilosophie en praxis, Le geste philosophique: engagements politiques, \u00e9thiques, \u00e9ducatifs, artistiques\u201d, 09-10 Mai 2020, Rhodes, L.R.Ph.P., 2021, p. 231-241.<\/li>\n<li>Constantin Irodotou, \u201cAdamantios Korais \u2013 Towards an Intellectual Biography\u201d, <em>PIXELS@humanities<\/em>, 1,<\/li>\n<li>Constantin Irodotou, Chlo\u00e9 Kolyri, \u201cAntigone avec Jocaste\u201d, <em> Revue trans-europ\u00e9enne de philosophie et arts<\/em>, 0, 1\/2018, p. 52-57.<\/li>\n<li>Constantin Irodotou, \u201c\u0397 \u03c6\u03b9\u03bb\u03bf\u03be\u03b5\u03bd\u03af\u03b1 \u03c3\u03c4\u03bf\u03bd Derrida\u201d, in Gerasimos Kakoliris (ed.), <em>H <\/em><em>\u03c0\u03bf\u03bb\u03b9\u03c4\u03b9\u03ba\u03ae<\/em> <em>\u03ba\u03b1\u03b9<\/em> <em>\u03b7\u03b8\u03b9\u03ba\u03ae<\/em> <em>\u03c3\u03ba\u03ad\u03c8\u03b7<\/em> <em>\u03c4\u03bf\u03c5<\/em> <em>Jacques Derrida<\/em>, Plethron, Athens 2015, 380-385.<\/li>\n<li>Ren\u00e9 Sch\u00e9rer &amp; Constantin Irodotou (eds), \u201cFragments du R\u00e9veil d\u2019Epim\u00e9nide\u201d, (unpublished fragments from Charles Fourier\u2019s work), <em>Cahiers Charles Fourier<\/em>, 25, December 2014, 7-29.<\/li>\n<li>Constantin Irodotou (ed.), \u201cLes inconv\u00e9nients de la piti\u00e9\u201d (unpublished work by Marquis de Sade), <em>Inter<\/em>&#8211;<em>textes <\/em>(International Review of the Aristotelian University of Thessaloniki), 15, 2013, 123-149.<\/li>\n<li>\u201cSch-errer, De l\u2019\u00e2me\u201d, in Bruno Cany, Yolande Robvenille (eds), <em>Ren\u00e9 Sch\u00e9rer ou La parole hospitali\u00e8re<\/em>, L\u2019Harmattan, Paris 2013, p. 23-28.<\/li>\n<li>\u201cO \u039a\u03bf\u03c1\u03b1\u03ae\u03c2 \u03ba\u03b1\u03b9 \u03bf \u03bb\u03b5\u03c0\u03c4\u03bf\u03b4\u03b5\u03af\u03c7\u03c4\u03b7\u03c2\u201d, <em>Inter<\/em>&#8211;<em>textes (<\/em>International Review of the Aristotelian University of Thessaloniki), 9, 2009, 247-266.<\/li>\n<\/ul>\n<\/div><\/div><\/div>\n<p>&nbsp;<\/p>\n","protected":false},"excerpt":{"rendered":"<p>&nbsp;<\/p>\n","protected":false},"author":5,"featured_media":0,"parent":10406,"menu_order":0,"comment_status":"closed","ping_status":"closed","template":"","meta":{"_acf_changed":false,"footnotes":""},"class_list":["post-10907","page","type-page","status-publish","hentry"],"acf":[],"_links":{"self":[{"href":"https:\/\/www.rchumanities.gr\/en\/wp-json\/wp\/v2\/pages\/10907","targetHints":{"allow":["GET"]}}],"collection":[{"href":"https:\/\/www.rchumanities.gr\/en\/wp-json\/wp\/v2\/pages"}],"about":[{"href":"https:\/\/www.rchumanities.gr\/en\/wp-json\/wp\/v2\/types\/page"}],"author":[{"embeddable":true,"href":"https:\/\/www.rchumanities.gr\/en\/wp-json\/wp\/v2\/users\/5"}],"replies":[{"embeddable":true,"href":"https:\/\/www.rchumanities.gr\/en\/wp-json\/wp\/v2\/comments?post=10907"}],"version-history":[{"count":1,"href":"https:\/\/www.rchumanities.gr\/en\/wp-json\/wp\/v2\/pages\/10907\/revisions"}],"predecessor-version":[{"id":10908,"href":"https:\/\/www.rchumanities.gr\/en\/wp-json\/wp\/v2\/pages\/10907\/revisions\/10908"}],"up":[{"embeddable":true,"href":"https:\/\/www.rchumanities.gr\/en\/wp-json\/wp\/v2\/pages\/10406"}],"wp:attachment":[{"href":"https:\/\/www.rchumanities.gr\/en\/wp-json\/wp\/v2\/media?parent=10907"}],"curies":[{"name":"wp","href":"https:\/\/api.w.org\/{rel}","templated":true}]}}