{"id":11624,"date":"2024-02-26T10:41:14","date_gmt":"2024-02-26T08:41:14","guid":{"rendered":"https:\/\/www.rchumanities.gr\/?page_id=11624"},"modified":"2024-02-26T11:03:32","modified_gmt":"2024-02-26T09:03:32","slug":"athanasios-zagorisios","status":"publish","type":"page","link":"https:\/\/www.rchumanities.gr\/en\/fellows-2024\/athanasios-zagorisios\/","title":{"rendered":"Thanos Zagorisios"},"content":{"rendered":"<h2 style=\"text-align: justify;\">PhD in Architecture National Techical University of Athens<\/h2>\n<h4><strong>Title of research proposal: &#8220;<\/strong>Hakanasa: The Japanese Aesthetics of engagement with impermanence and form&#8221;<\/h4>\n<p style=\"text-align: justify;\"><div class=\"su-tabs su-tabs-style-horizontal su-tabs-mobile-stack\" data-active=\"1\" data-scroll-offset=\"0\" data-anchor-in-url=\"no\"><div class=\"su-tabs-nav\"><span class=\"\" data-url=\"\" data-target=\"blank\" tabindex=\"0\" role=\"button\">Bio<\/span><span class=\"\" data-url=\"\" data-target=\"blank\" tabindex=\"0\" role=\"button\">Publications - Exhibitions<\/span><\/div><div class=\"su-tabs-panes\"><div class=\"su-tabs-pane su-u-clearfix su-u-trim\" data-title=\"Bio\">\n<p style=\"text-align: justify;\"><img loading=\"lazy\" decoding=\"async\" class=\"size-medium wp-image-11621 alignleft\" src=\"https:\/\/www.rchumanities.gr\/wp-content\/uploads\/2024\/02\/profile-photo_athanasios-zagorisios-300x237.jpeg\" alt=\"\" width=\"300\" height=\"237\" srcset=\"https:\/\/www.rchumanities.gr\/wp-content\/uploads\/2024\/02\/profile-photo_athanasios-zagorisios-300x237.jpeg 300w, https:\/\/www.rchumanities.gr\/wp-content\/uploads\/2024\/02\/profile-photo_athanasios-zagorisios.jpeg 304w\" sizes=\"auto, (max-width: 300px) 100vw, 300px\" \/><\/p>\n<p style=\"text-align: justify;\"><strong>Thanos Zagorisios<\/strong> studied Architecture at the Aristotle University of Thessaloniki. He continued his postgraduate studies in Architectural Design at the National Technical University of Athens, in Contemporary Art Theory at the Universitat Aut\u00f3noma de Barcelona, and in Visual Arts at the Athens School of Fine Arts. He holds a Ph.D. in Architecture from the National Technical Univeristy of Athens. He has worked as a lecturer and as a research fellow at the Aristotle University of Thessaloniki, the National Kapodistrian University of Athens, Kyoto University in Japan, the Accademia di architettura di Mendrisio in Switzerland, the Royal Danish Academy of Fine Arts in Denmark and the University of Patras. His works have been exhibited internationally, and he has received awards and scholarships from numerous institutions in Greece and abroad.<\/p>\n<p style=\"text-align: justify;\"><\/div>\n<div class=\"su-tabs-pane su-u-clearfix su-u-trim\" data-title=\"Publications - Exhibitions\">\n<p><strong>Publications (selected):<\/strong><\/p>\n<ul>\n<li>\u0396\u03b1\u03b3\u03bf\u03c1\u03af\u03c3\u03b9\u03bf\u03c2, \u0391\u03b8. (2018). Teshima Art Museum: Ryue Nishizawa &amp; Rei Naito, <em>\u0391\u03c6\u03b5\u03c4\u03b7\u03c1\u03af\u03b5\u03c2<\/em> <em>\u03c4\u03cc\u03bc\u03bf\u03c2<\/em><em> 2<\/em>, \u0391\u03b8\u03ae\u03bd\u03b1: \u0394\u03bf\u03bc\u03ad\u03c2.<\/li>\n<li>Zagorisios, Ath. (2016). R\u00e9v\u00e9l\u00e9e (revealed), Moment Grec, <em>Collectif sous la direction d\u2019Emmanuel Saulnier<\/em>, Paris: Editions du Regard.<\/li>\n<li>\u0396\u03b1\u03b3\u03bf\u03c1\u03af\u03c3\u03b9\u03bf\u03c2, \u0391\u03b8. (2012). \u03a4\u03bf \u0399\u03b1\u03c0\u03c9\u03bd\u03b9\u03ba\u03cc \u0394\u03c9\u03bc\u03ac\u03c4\u03b9\u03bf \u03a4\u03b5\u03bb\u03b5\u03c4\u03ae\u03c2 \u03c4\u03bf\u03c5 \u03a4\u03c3\u03b1\u03b3\u03b9\u03bf\u03cd. \u0397 \u0395\u03ba\u03b4\u03af\u03c0\u03bb\u03c9\u03c3\u03b7 \u03c4\u03b7\u03c2 \u0394\u03b9\u03b1\u03bc\u03b5\u03c3\u03bf\u03bb\u03ac\u03b2\u03b7\u03c3\u03b7\u03c2 \u03ba\u03b1\u03b9 \u03bf \u039c\u03b5\u03c4\u03b5\u03c9\u03c1\u03b9\u03c3\u03bc\u03cc\u03c2 \u03c4\u03bf\u03c5 \u039d\u03bf\u03ae\u03bc\u03b1\u03c4\u03bf\u03c2. <em>\u0388\u03c1\u03b5\u03c5\u03bd\u03b1 \u03c3\u03c4\u03b7<\/em><em>\u03bd \u0391\u03c1\u03c7\u03b9\u03c4\u03b5\u03ba\u03c4\u03bf\u03bd\u03b9\u03ba\u03ae 2<\/em>, \u0391\u03b8\u03ae\u03bd\u03b1: \u0395\u03ba\u03b4\u03cc\u03c3\u03b5\u03b9\u03c2 \u0391\u03bb\u03b5\u03be\u03ac\u03bd\u03b4\u03c1\u03b5\u03b9\u03b1.<\/li>\n<li>\u0396\u03b1\u03b3\u03bf\u03c1\u03af\u03c3\u03b9\u03bf\u03c2, \u0391\u03b8. (2007). James Turrell: \u039c\u03af\u03b1 \u0395\u03b3\u03ba\u03b1\u03c4\u03ac\u03c3\u03c4\u03b1\u03c3\u03b7 \u03c3\u03c4\u03b7 \u0398\u03b5\u03c3\u03c3\u03b1\u03bb\u03bf\u03bd\u03af\u03ba\u03b7, <em>\u03a4\u03bc\u03ae\u03bc\u03b1 \u0391\u03c1\u03c7\u03b9\u03c4\u03b5\u03ba\u03c4\u03cc\u03bd\u03c9\u03bd \u039c\u03b7\u03c7\u03b1\u03bd\u03b9\u03ba\u03ce\u03bd, <\/em>\u0398\u03b5\u03c3\u03c3\u03b1\u03bb\u03bf\u03bd\u03af\u03ba\u03b7: \u0395\u03ba\u03b4\u03cc\u03c3\u03b5\u03b9\u03c2 \u0396\u03ae\u03c4\u03b7.<\/li>\n<li>Zagorisios, Ath. (2006). Spatiotemporal Intermediations, <em>Poesy &amp; Architecture<\/em>, Kyoto: Imura Editions.<\/li>\n<\/ul>\n<p><strong>Exhibitions:<\/strong><\/p>\n<ul>\n<li><em>How <\/em><em>C<\/em><em>an <\/em><em>W<\/em><em>e Remember What Cannot Be Seen<\/em>. Paris: Gallery Laure Roynette, 2016.<\/li>\n<li><em>Hyam-Erotimatiko<\/em>. Paris: Artcurial, 2014.<\/li>\n<li><em>\u0395\u03ba \u03bd\u03ad\u03bf\u03c5: \u039c\u03b9\u03b1 \u039d\u03ad\u03b1 \u0393\u03b5\u03bd\u03b9\u03ac \u0395\u03bb\u03bb\u03ae\u03bd\u03c9\u03bd \u039a\u03b1\u03bb\u03bb\u03b9\u03c4\u03b5\u03c7\u03bd\u03ce\u03bd.<\/em> \u0391\u03b8\u03ae\u03bd\u03b1: \u0395\u03b8\u03bd\u03b9\u03ba\u03cc \u039c\u03bf\u03c5\u03c3\u03b5\u03af\u03bf \u03a3\u03cd\u03b3\u03c7\u03c1\u03bf\u03bd\u03b7\u03c2 \u03a4\u03ad\u03c7\u03bd\u03b7\u03c2, 2013.<\/li>\n<li><em>Response<\/em>. Kyoto: Imura Art Gallery, 2006.<\/li>\n<li>Kyoto: Kyoto International Community House, 2005.<\/li>\n<\/ul>\n<p style=\"text-align: justify;\"><\/div><\/div><\/div>\n","protected":false},"excerpt":{"rendered":"<p>PhD in Architecture National Techical University of Athens Title of research proposal: &#8220;Hakanasa: The Japanese Aesthetics of engagement with impermanence and form&#8221;<\/p>\n","protected":false},"author":5,"featured_media":0,"parent":11543,"menu_order":0,"comment_status":"closed","ping_status":"closed","template":"","meta":{"_acf_changed":false,"footnotes":""},"class_list":["post-11624","page","type-page","status-publish","hentry"],"acf":[],"_links":{"self":[{"href":"https:\/\/www.rchumanities.gr\/en\/wp-json\/wp\/v2\/pages\/11624","targetHints":{"allow":["GET"]}}],"collection":[{"href":"https:\/\/www.rchumanities.gr\/en\/wp-json\/wp\/v2\/pages"}],"about":[{"href":"https:\/\/www.rchumanities.gr\/en\/wp-json\/wp\/v2\/types\/page"}],"author":[{"embeddable":true,"href":"https:\/\/www.rchumanities.gr\/en\/wp-json\/wp\/v2\/users\/5"}],"replies":[{"embeddable":true,"href":"https:\/\/www.rchumanities.gr\/en\/wp-json\/wp\/v2\/comments?post=11624"}],"version-history":[{"count":4,"href":"https:\/\/www.rchumanities.gr\/en\/wp-json\/wp\/v2\/pages\/11624\/revisions"}],"predecessor-version":[{"id":11666,"href":"https:\/\/www.rchumanities.gr\/en\/wp-json\/wp\/v2\/pages\/11624\/revisions\/11666"}],"up":[{"embeddable":true,"href":"https:\/\/www.rchumanities.gr\/en\/wp-json\/wp\/v2\/pages\/11543"}],"wp:attachment":[{"href":"https:\/\/www.rchumanities.gr\/en\/wp-json\/wp\/v2\/media?parent=11624"}],"curies":[{"name":"wp","href":"https:\/\/api.w.org\/{rel}","templated":true}]}}