{"id":12566,"date":"2025-03-14T12:01:38","date_gmt":"2025-03-14T10:01:38","guid":{"rendered":"https:\/\/www.rchumanities.gr\/?page_id=12566"},"modified":"2025-03-17T15:37:50","modified_gmt":"2025-03-17T13:37:50","slug":"sofia-nikolaidou","status":"publish","type":"page","link":"https:\/\/www.rchumanities.gr\/en\/fellows-2025\/sofia-nikolaidou\/","title":{"rendered":"Sofia Nikolaidou"},"content":{"rendered":"<h2>Senior Research Associate, Department of Social Policy, Panteion University | Adjunct Lecturer, School of Social Sciences, Hellenic Open University<\/h2>\n<h4>Title of research proposal: &#8220;A territorial approach of agroecological transitions in the Mediterranean and Balkan rural areas: Collective responses and co-creation of knowledge &#8220;<\/h4>\n<div class=\"su-tabs su-tabs-style-horizontal su-tabs-mobile-stack\" data-active=\"1\" data-scroll-offset=\"0\" data-anchor-in-url=\"no\"><div class=\"su-tabs-nav\"><span class=\"\" data-url=\"\" data-target=\"blank\" tabindex=\"0\" role=\"button\">Bio<\/span><span class=\"\" data-url=\"\" data-target=\"blank\" tabindex=\"0\" role=\"button\">Publications<\/span><\/div><div class=\"su-tabs-panes\"><div class=\"su-tabs-pane su-u-clearfix su-u-trim\" data-title=\"Bio\">\n<p><img loading=\"lazy\" decoding=\"async\" class=\"alignleft size-full wp-image-12563\" src=\"https:\/\/www.rchumanities.gr\/wp-content\/uploads\/2025\/03\/Photo-Nikolaidou.png\" alt=\"\" width=\"295\" height=\"301\" \/><\/p>\n<p><strong>Sofia Nikolaidou<\/strong>\u00a0holds a diploma in Planning and Regional Development (Dipl. Eng. University of Thessaly, 2003), an MSc in rural development and natural resource management (CIHEAM, IAM Montpellier, 2005) and a PhD in Urban and Regional Planning (School of Architecture, National Technical University of Athens, 2012). Her doctoral research focused on peri-urban transformations in metropolitan Athens, examining urban-rural interactions, commuting, agricultural dynamics, and land-use conflicts arising from urban sprawl.<\/p>\n<p>Her research and teaching interests cover alternative approaches to spatial development and territorial planning, with a particular focus on sustainable rural development, rural-urban links, participatory governance processes, social innovation, alternative agri-food networks, food justice and agroecological transitions. She has collaborated with several multidisciplinary teams at universities in Greece and abroad. Her most recent research project as a research associate at the Department of Social Policy, Panteion University, explores social inequalities and housing precariousness in rural areas through the lens of social resilience. Since 2018, she is an adjunct lecturer at the Hellenic Open University, teaching the course &#8220;Spatial Development, Social Innovation and Social and Solidarity Economy\u201d (Master in SSE) at the Hellenic Open University. Her previous teaching experience regards theories, policies and practices related to territorial planning and governance, participatory approaches of rural development and agri-food policies (Aristotle University of Thessaloniki, Panteion University of Athens, and Agricultural University of Tirana).<\/p>\n<p>&nbsp;<\/p>\n<p><a href=\"https:\/\/220.academia.edu\/SofiaNikolaidou\/Analytics\" target=\"_blank\" rel=\"noopener\">Academia.edu<\/a><\/p>\n<p><a href=\"https:\/\/www.researchgate.net\/profile\/Sofia_Nikolaidou7\" target=\"_blank\" rel=\"noopener\">ResearchGate<\/a><\/p>\n<p><a href=\"https:\/\/gr.linkedin.com\/pub\/sofia-nikolaidou\/66\/566\/257\" target=\"_blank\" rel=\"noopener\">LinkedIn<\/a><\/p>\n<p>&nbsp;<\/p>\n<\/div>\n<div class=\"su-tabs-pane su-u-clearfix su-u-trim\" data-title=\"Publications\">\n<p><strong>\u00a0Selected publications<\/strong><\/p>\n<ol>\n<li><strong>Nikolaidou<\/strong> <strong>S<\/strong>., Kouki Ch., Zgeras G., Anthopoulou \u03a4h. <strong>(2025) <\/strong>Co-designing an educational game on food sovereignty: insights from a participatory research project in Greece. <em>Food ethics<\/em>10, 4 (2025). <a href=\"https:\/\/doi.org\/10.1007\/s41055-024-00163-9\" target=\"_blank\" rel=\"noopener\">https:\/\/doi.org\/10.1007\/s41055-024-00163-9<\/a><\/li>\n<li><strong>Nikolaidou S.,<\/strong> Loudiyi S. and Reckinger R. (eds) <strong>(2023)<\/strong> New Directions in Governance of Urban Food Systems Transitions, editorial of the Special Issue \u201cNew Directions in Governance of Urban Food Systems Transitions\u201d, <em>Frontiers in Sustainable Food Systems, section Urban <\/em>Agriculture (\u03bf\u03c1\u03b3\u03ac\u03bd\u03c9\u03c3\u03b7 \u03ba\u03b1\u03b9 \u03b5\u03c0\u03b9\u03bc\u03ad\u03bb\u03b5\u03b9\u03b1 \u03b5\u03b9\u03b4\u03b9\u03ba\u03bf\u03cd \u03c4\u03b5\u03cd\u03c7\u03bf\u03c5\u03c2). <a href=\"https:\/\/doi.org\/10.3389\/fsufs.2023.1229550\" target=\"_blank\" rel=\"noopener\">https:\/\/doi.org\/10.3389\/fsufs.2023.1229550<\/a><\/li>\n<li><strong>Nikolaidou S.<\/strong>\u00a0<strong>,<\/strong> Kouzeleas S., Goussios D. <strong>(2022)<\/strong> A territorial approach to social learning: facilitating consumer knowledge of local food through participation in the guarantee process. <em>Sociologia Ruralis<\/em>, 1\u201323. https:\/\/doi.org\/10.1111\/soru.12392<\/li>\n<li><strong>Nikolaidou<\/strong><strong> S. (2021). <\/strong>Peri-urban agriculture and alternative food networks in Athens: Solidarity dynamics, spatial planning challenges and institutional reforms. <em>Cahiers de\u00a0la M\u00e9diterran\u00e9e &#8211;<\/em> <a href=\"https:\/\/journals.openedition.org\/cdlm\/14009\" target=\"_blank\" rel=\"noopener\">Le foncier et la marginalit\u00e9 en M\u00e9diterran\u00e9e<\/a>(102) 89-107, <a href=\"https:\/\/doi.org\/10.4000\/cdlm.14449\" target=\"_blank\" rel=\"noopener\">https:\/\/doi.org\/10.4000\/cdlm.14449<\/a>, <a href=\"https:\/\/journals.openedition.org\/cdlm\/14449\">https:\/\/journals.openedition.org\/cdlm\/14449<\/a><\/li>\n<li><strong>Nikolaidou<\/strong><strong> S<\/strong>. <strong>(2020)<\/strong> Solidarity and justice in local food systems: the transformative potential of producer-consumer networks in Greece. In D\u00f6ner, F. Figueiredo, E., Rivera, M.J, <em>Crisis, Post-Crisis and Rural Territories: Social Change, Challenges and Opportunities in Southern and Mediterranean Europe. <\/em> 163-185.<\/li>\n<li>Kouzeleas S., <strong>Nikolaidou S.,<\/strong> Goulas A., Goussios D. <strong>(2020)<\/strong> Pilot interactive visualization tool of a Participatory Guarantee System: The case of \u201cTerra Thessalia PGS\u201d. <em>International Journal of Engineering and Innovative Technology (IJEIT) Volume 9, Issue 7<\/em>, 1-17<em>. <\/em><a href=\"http:\/\/www.ijeit.com\/Vol%209\/Issue%209\/IJEIT1412202003_01.pdf\" target=\"_blank\" rel=\"noopener\">http:\/\/www.ijeit.com\/Vol%209\/Issue%209\/IJEIT1412202003_01.pdf<\/a><\/li>\n<li><strong>Nikolaidou<\/strong><strong> S. (2019) <\/strong>&#8220;Temporary urban landscapes and urban gardening: re-inventing open space in Greece and Switzerland&#8221;, Chapter in Certom\u00e0 C., Noori, S. Sondermann, M.(eds). <em>Urban Gardening. The Struggles of Social and Spatial Justice<\/em>. Manchester University Press \u2013 Social Science Collection, pp. 59-73, <a href=\"https:\/\/doi.org\/10.7765\/9781526126108.00012\" target=\"_blank\" rel=\"noopener\">https:\/\/doi.org\/10.7765\/9781526126108.00012<\/a> https:\/\/manchesteruniversitypress.co.uk\/9781526126092\/<\/li>\n<li>Kolokouris, <strong>Nikolaidou S.<\/strong>,\u00a0Anthopoulou T.<strong>(2017)<\/strong>\u00a0Mapping land-use dynamics, environmental conflicts and social pressures in the peri-urban area of Athens,\u00a0<em>Options M\u00e9diterran\u00e9ennes<\/em>, No 117, pp.297-317<\/li>\n<li><strong>Nikolaidou S.<\/strong><strong> (2018) <\/strong>Metropolitan initiatives for &#8216;food justice&#8217;: rural-urban solidarity in Greece. in Baron, N. and Romero, J. (eds). Cultura territorial e innovacion social, Estudios y documentos 25, PUV Universitat de Valencia, 409-426. <a href=\"https:\/\/dialnet.unirioja.es\/servlet\/libro?codigo=714970\" target=\"_blank\" rel=\"noopener\">https:\/\/dialnet.unirioja.es\/servlet\/libro?codigo=714970<\/a><\/li>\n<li><strong>Nikolaidou S.<\/strong>, Kl\u00f6ti T., Tappert, S., Drilling M. <strong>(2016)<\/strong> Urban Gardening and Green Space Governance: Towards New Collaborative Planning Practices. Urban Planning 1(1), 5-19. <a href=\"http:\/\/www.cogitatiopress.com\/ojs\/index.php\/urbanplanning\/article\/view\/520\" target=\"_blank\" rel=\"noopener\">Online Reference<\/a><\/li>\n<li><strong>Nikola\u00efdou S.<\/strong> <strong>(2013)<\/strong> Dynamiques p\u00e9riurbaines et mutations des espaces littoraux. Le cas d\u2019une plaine viticole de Messoghia. Ath\u00e8nes (Gr\u00e8ce). <em>Un littoral sans nature ? L\u2019avenir de la m\u00e9diterran\u00e9e face \u00e0 l\u2019urbanisation <\/em>(Perrin, C.). Rome: Ed. Ramses2 \u2013 Presses de l\u2019Ecole Fran\u00e7aise de Rome. pp. 101-110. <a href=\"http:\/\/www.publications.efrome.it\/opencms\/opencms\/menu\/catalogo\/index.html?id=0&amp;autore=perrin&amp;ricerca=D\" target=\"_blank\" rel=\"noopener\">Online Reference<\/a><\/li>\n<li><strong>\u039d\u03b9\u03ba\u03bf\u03bb\u03b1\u0390\u03b4\u03bf\u03c5<\/strong><strong> \u03a3.,<\/strong><strong> (2012)<\/strong>. <em>\u0394\u03c5\u03bd\u03b1\u03bc\u03b9\u03ba\u03ad\u03c2 \u03b5\u03be\u03ad\u03bb\u03b9\u03be\u03b7\u03c2 \u03ba\u03b1\u03b9 \u03bc\u03b5\u03c4\u03b1\u03c3\u03c7\u03b7\u03bc\u03b1\u03c4\u03b9\u03c3\u03bc\u03bf\u03af \u03c4\u03bf\u03c5 \u03c0\u03b5\u03c1\u03b9\u03b1\u03c3\u03c4\u03b9\u03ba\u03bf\u03cd \u03c7\u03ce\u03c1\u03bf\u03c5 \u03c4\u03b7\u03c2 \u03bc\u03b7\u03c4\u03c1\u03bf\u03c0\u03bf\u03bb\u03b9\u03c4\u03b9\u03ba\u03ae\u03c2 \u03c0\u03b5\u03c1\u03b9\u03bf\u03c7\u03ae\u03c2 \u0391\u03b8\u03b7\u03bd\u03ce\u03bd: \u03b7 \u03c0\u03b5\u03c1\u03af\u03c0\u03c4\u03c9\u03c3\u03b7 \u03c4\u03b7\u03c2 \u03c0\u03b5\u03c1\u03b9\u03bf\u03c7\u03ae\u03c2 \u03c4\u03c9\u03bd \u039c\u03b5\u03c3\u03bf\u03b3\u03b5\u03af\u03c9\u03bd.<\/em> \u0394\u03b9\u03b4\u03b1\u03ba\u03c4\u03bf\u03c1\u03b9\u03ba\u03ae \u03b4\u03b9\u03b1\u03c4\u03c1\u03b9\u03b2\u03ae, \u03a3\u03c7\u03bf\u03bb\u03ae \u0391\u03c1\u03c7\u03b9\u03c4\u03b5\u03ba\u03c4\u03cc\u03bd\u03c9\u03bd \u0395\u039c\u03a0. \u03a4\u03bf\u03bc\u03ad\u03b1\u03c2 \u03c0\u03bf\u03bb\u03b5\u03bf\u03b4\u03bf\u03bc\u03af\u03b1\u03c2 \u03c7\u03c9\u03c1\u03bf\u03c4\u03b1\u03be\u03af\u03b1\u03c2 <a href=\"https:\/\/thesis.ekt.gr\/thesisBookReader\/id\/35570?lang=el#page\/1\/mode\/2up\" target=\"_blank\" rel=\"noopener\">Online Reference<\/a><\/li>\n<li><strong>Nikolaidou S.<\/strong> <strong>(2011)<\/strong> Politiques de planification et logiques des acteurs locaux dans le contexte de p\u00e9riurbanisation du sud-est d\u2019Ath\u00e8nes. <em>Options M\u00e9diterran\u00e9ennes<\/em>, B 66:145-158. Paris: CIHEAM. <a href=\"http:\/\/ressources.ciheam.org\/om\/pdf\/b66\/00801380.pdf\" target=\"_blank\" rel=\"noopener\">Online Reference<\/a><\/li>\n<\/ol>\n<p>&nbsp;<\/p>\n<p style=\"text-align: justify;\"><\/div><\/div><\/div>\n<p>&nbsp;<\/p>\n","protected":false},"excerpt":{"rendered":"<p>Senior Research Associate, Department of Social Policy, Panteion University | Adjunct Lecturer, School of Social Sciences, Hellenic Open University Title of research proposal: &#8220;A territorial approach of agroecological transitions in the Mediterranean and Balkan rural areas: Collective responses and co-creation of knowledge &#8220; &nbsp;<\/p>\n","protected":false},"author":5,"featured_media":0,"parent":12487,"menu_order":0,"comment_status":"closed","ping_status":"closed","template":"","meta":{"_acf_changed":false,"footnotes":""},"class_list":["post-12566","page","type-page","status-publish","hentry"],"acf":[],"_links":{"self":[{"href":"https:\/\/www.rchumanities.gr\/en\/wp-json\/wp\/v2\/pages\/12566","targetHints":{"allow":["GET"]}}],"collection":[{"href":"https:\/\/www.rchumanities.gr\/en\/wp-json\/wp\/v2\/pages"}],"about":[{"href":"https:\/\/www.rchumanities.gr\/en\/wp-json\/wp\/v2\/types\/page"}],"author":[{"embeddable":true,"href":"https:\/\/www.rchumanities.gr\/en\/wp-json\/wp\/v2\/users\/5"}],"replies":[{"embeddable":true,"href":"https:\/\/www.rchumanities.gr\/en\/wp-json\/wp\/v2\/comments?post=12566"}],"version-history":[{"count":3,"href":"https:\/\/www.rchumanities.gr\/en\/wp-json\/wp\/v2\/pages\/12566\/revisions"}],"predecessor-version":[{"id":12646,"href":"https:\/\/www.rchumanities.gr\/en\/wp-json\/wp\/v2\/pages\/12566\/revisions\/12646"}],"up":[{"embeddable":true,"href":"https:\/\/www.rchumanities.gr\/en\/wp-json\/wp\/v2\/pages\/12487"}],"wp:attachment":[{"href":"https:\/\/www.rchumanities.gr\/en\/wp-json\/wp\/v2\/media?parent=12566"}],"curies":[{"name":"wp","href":"https:\/\/api.w.org\/{rel}","templated":true}]}}