{"id":12575,"date":"2025-03-14T12:07:57","date_gmt":"2025-03-14T10:07:57","guid":{"rendered":"https:\/\/www.rchumanities.gr\/?page_id=12575"},"modified":"2025-04-01T08:34:06","modified_gmt":"2025-04-01T05:34:06","slug":"marios-panierakis","status":"publish","type":"page","link":"https:\/\/www.rchumanities.gr\/en\/fellows-2025\/marios-panierakis\/","title":{"rendered":"Marios Panierakis"},"content":{"rendered":"<h2>PhD in Sociology, Instituto de Ciencias Sociales y Humanidades &#8220;Alfonso V\u00e9lez Pliego&#8221; (ICSyH &#8211; BUAP)<\/h2>\n<h4>Title of research proposal: &#8220;Aspects of demands in social movements against tourist capital: A contribution to the Critique of Demand in the contemporary social struggle&#8221;<\/h4>\n<p style=\"text-align: justify;\"><div class=\"su-tabs su-tabs-style-horizontal su-tabs-mobile-stack\" data-active=\"1\" data-scroll-offset=\"0\" data-anchor-in-url=\"no\"><div class=\"su-tabs-nav\"><span class=\"\" data-url=\"\" data-target=\"blank\" tabindex=\"0\" role=\"button\">Bio<\/span><span class=\"\" data-url=\"\" data-target=\"blank\" tabindex=\"0\" role=\"button\">Publications<\/span><\/div><div class=\"su-tabs-panes\"><div class=\"su-tabs-pane su-u-clearfix su-u-trim\" data-title=\"Bio\">\n<p><img loading=\"lazy\" decoding=\"async\" class=\"alignleft size-medium wp-image-12571\" src=\"https:\/\/www.rchumanities.gr\/wp-content\/uploads\/2025\/03\/\u03bc\u03ac\u03c1\u03b9\u03bf\u03c2-\u03c6\u03ce\u03c4\u03bf-297x300.jpg\" alt=\"\" width=\"297\" height=\"300\" srcset=\"https:\/\/www.rchumanities.gr\/wp-content\/uploads\/2025\/03\/\u03bc\u03ac\u03c1\u03b9\u03bf\u03c2-\u03c6\u03ce\u03c4\u03bf-297x300.jpg 297w, https:\/\/www.rchumanities.gr\/wp-content\/uploads\/2025\/03\/\u03bc\u03ac\u03c1\u03b9\u03bf\u03c2-\u03c6\u03ce\u03c4\u03bf.jpg 739w\" sizes=\"auto, (max-width: 297px) 100vw, 297px\" \/><\/p>\n<p><strong>Marios Panierakis<\/strong> studied Sociology at the University of the Aegean and continued his postgraduate studies in Social and Historical Anthropology at the same University. His PhD thesis, entitled \u00ab\u201cSeamos primavera\u201d: Abriendo los muros de las demandas en la lucha por la defensa de Rosa Nera\u00bb, was defended at the Instituto de Ciencias Sociales y Humanidades &#8220;Alfonso V\u00e9lez Pliego&#8221; (Benem\u00e9rita Universidad Aut\u00f3noma de Puebla, M\u00e9xico) and received the mention \u201c<em>Ad Honorem\u201d<\/em>. His PhD research has been funded by Consejo Nacional de Ciencia y Tecnolog\u00eda. His main research interests include collective action, social movements, militant research and contemporary political theory and philosophy. He has participated in national and international conferences and has translated essays from Spanish and English to Greek.<\/p>\n<p>&nbsp;<\/p>\n<p>&nbsp;<\/p>\n<p>&nbsp;<\/p>\n<p>&nbsp;<\/p>\n<\/div>\n<div class=\"su-tabs-pane su-u-clearfix su-u-trim\" data-title=\"Publications\">\n<p>Publications (selected):<\/p>\n<ul>\n<li>Panierakis, M. (2025 forthcoming). Contributions to a Materialist Critique of Cultural Heritage. At D. Palacios Gonz\u00e1lez &amp; Jos\u00e9 M\u00aa Dur\u00e1n Medra\u00f1o (eds) <em>Redefining Monuments: Materialist Memory Theories and Radical Heritage Practices<\/em>, Palgrave.<\/li>\n<li>Nasioka, K. &amp; Panierakis, M. (2023). \u201cEmancipando nuestros cuerpos (perdidos) en la era de la pandemia\u201d. En A. Garc\u00eda Vela y A. Bonnet (eds) <em>Revoluci\u00f3n, cr\u00edtica y emancipaci\u00f3n: debates sobre el pensamiento pol\u00edtico de John Holloway<\/em>. Puebla, ICSyH (BUAP) y IESAC ; 113-127.<\/li>\n<li>Nasioka, K. &amp; Panierakis, M. (2023). \u201cEmancipating Our (Lost) Bodies in the Pandemic Era\u201d. At A. Garc\u00eda Vela y A. Bonnet (eds) <em>The Political Thought of John Holloway: Struggle, Critique, Emancipation.<\/em> Palgrave Macmillan; 109-123. Available at: <a href=\"https:\/\/link.springer.com\/book\/10.1007\/978-3-031-34571-5\" target=\"_blank\" rel=\"noopener\">https:\/\/link.springer.com\/book\/10.1007\/978-3-031-34571-5<\/a><\/li>\n<li>Panierakis, M. (2021). \u00abIn, against and beyond the demand: Demand and identity as breakwaters of the content of collective action\u00bb, <em>Interface: a journal for and about social movements<\/em>, Volume 13(1), 254-271, 2021, ISSN 2009-2431, <a href=\"https:\/\/www.interfacejournal.net\/interface-volume-13-issue-1\/\" target=\"_blank\" rel=\"noopener\">https:\/\/www.interfacejournal.net\/interface-volume-13-issue-1\/<\/a><\/li>\n<li>Panierakis, M. (2018): Beyond demand: Collective identity and prefiguration politics at the collective action of \u201cStruggle Committee of Lesvos\u201d for claiming housing\u00bb, At Yannis Zaimakis (ed), <em>Research Paths on Social Sciences: Theoretical &#8211; Methodological contributions and case studies<\/em> (371-388). Rethymno: University of Crete &#8211; Laboratory\u00a0 of\u00a0 Social Analysis and applied Social Research (in Greek). Available at: <a href=\"http:\/\/sociology.soc.uoc.gr\/ekaeke\/?p=468\" target=\"_blank\" rel=\"noopener\">http:\/\/sociology.soc.uoc.gr\/ekaeke\/?p=468<\/a><\/li>\n<li>Panierakis, M. (2017): \u00abSymbolic aspects of a Squat: Ritual, Non-Identity, and Imaginary Counterpower at the Collective Action of the \u201cStruggle Committee of Lesvos\u201d for claiming housing\u00bb, Society\u2019s<em> Dromena<\/em> 3. pp.7-18, Thessaloniki. (in Greek).<\/li>\n<\/ul>\n<p>Presentations at Conferences<\/p>\n<ul>\n<li>Panierakis, M. (2023): \u00abAbriendo la demanda del espacio p\u00fablico en el movimiento reivindicativo del cerro Kasteli y en la lucha por la defensa de la Rosa Nera\u00bb, <em>En 9<\/em><em>\u03bf<\/em><em> congreso internacional de geograf\u00edas cr\u00edticas<\/em>, 23-29 de octubre de 2023, Ciudad de M\u00e9xico.<\/li>\n<li>Panierakis, M (2019). Epistemological aspects of a squat or how i fell in love with Stella.\u00a0 At the International Conference <em>The Social Sciences today: dilemmas and perspectives beyond the crisis<\/em>, 6-9\/06\/2019, Mytilene. (In Greek)<\/li>\n<li>Panierakis, M. (2018): \u00abBeyond football: From Against Football Movement to another football is possible. The self-organized sport collectivities in Greece. A hypothesis\u00bb. <em>PanHellenic Conference for PhD researchers<\/em>\u2019, Rethymno. (In Greek)<\/li>\n<\/ul>\n<p>&nbsp;<\/p>\n<p style=\"text-align: justify;\"><\/div><\/div><\/div>\n<p>&nbsp;<\/p>\n","protected":false},"excerpt":{"rendered":"<p>PhD in Sociology, Instituto de Ciencias Sociales y Humanidades &#8220;Alfonso V\u00e9lez Pliego&#8221; (ICSyH &#8211; BUAP) Title of research proposal: &#8220;Aspects of demands in social movements against tourist capital: A contribution to the Critique of Demand in the contemporary social struggle&#8221; &nbsp;<\/p>\n","protected":false},"author":5,"featured_media":0,"parent":12487,"menu_order":0,"comment_status":"closed","ping_status":"closed","template":"","meta":{"_acf_changed":false,"footnotes":""},"class_list":["post-12575","page","type-page","status-publish","hentry"],"acf":[],"_links":{"self":[{"href":"https:\/\/www.rchumanities.gr\/en\/wp-json\/wp\/v2\/pages\/12575","targetHints":{"allow":["GET"]}}],"collection":[{"href":"https:\/\/www.rchumanities.gr\/en\/wp-json\/wp\/v2\/pages"}],"about":[{"href":"https:\/\/www.rchumanities.gr\/en\/wp-json\/wp\/v2\/types\/page"}],"author":[{"embeddable":true,"href":"https:\/\/www.rchumanities.gr\/en\/wp-json\/wp\/v2\/users\/5"}],"replies":[{"embeddable":true,"href":"https:\/\/www.rchumanities.gr\/en\/wp-json\/wp\/v2\/comments?post=12575"}],"version-history":[{"count":6,"href":"https:\/\/www.rchumanities.gr\/en\/wp-json\/wp\/v2\/pages\/12575\/revisions"}],"predecessor-version":[{"id":12664,"href":"https:\/\/www.rchumanities.gr\/en\/wp-json\/wp\/v2\/pages\/12575\/revisions\/12664"}],"up":[{"embeddable":true,"href":"https:\/\/www.rchumanities.gr\/en\/wp-json\/wp\/v2\/pages\/12487"}],"wp:attachment":[{"href":"https:\/\/www.rchumanities.gr\/en\/wp-json\/wp\/v2\/media?parent=12575"}],"curies":[{"name":"wp","href":"https:\/\/api.w.org\/{rel}","templated":true}]}}